{"id":57450,"date":"2017-02-06T18:02:52","date_gmt":"2017-02-06T20:02:52","guid":{"rendered":"http:\/\/memoriarocinha.com.br\/?page_id=57450\/"},"modified":"2018-03-12T18:48:35","modified_gmt":"2018-03-12T21:48:35","slug":"gavea-e-rocinha","status":"publish","type":"page","link":"https:\/\/memoriarocinha.com.br\/en\/gavea-e-rocinha\/","title":{"rendered":"G\u00e1vea and Rocinha"},"content":{"rendered":"<div class=\"wpb-content-wrapper\"><p>[vc_row row_height_percent=&#8221;0&#8243; override_padding=&#8221;yes&#8221; h_padding=&#8221;1&#8243; top_padding=&#8221;2&#8243; bottom_padding=&#8221;0&#8243; overlay_alpha=&#8221;50&#8243; gutter_size=&#8221;3&#8243; shift_y=&#8221;0&#8243;][vc_column column_width_percent=&#8221;100&#8243; overlay_alpha=&#8221;50&#8243; gutter_size=&#8221;1&#8243; align_medium=&#8221;align_center_tablet&#8221; medium_width=&#8221;0&#8243; align_mobile=&#8221;align_center_mobile&#8221; shift_x=&#8221;0&#8243; shift_y=&#8221;0&#8243; z_index=&#8221;0&#8243; css_animation=&#8221;alpha-anim&#8221; width=&#8221;1\/1&#8243;][vc_empty_space empty_h=&#8221;2&#8243;][vc_custom_heading heading_semantic=&#8221;h1&#8243; text_size=&#8221;h6&#8243; text_font=&#8221;font-180609&#8243; text_color=&#8221;color-wvjs&#8221;]<a href=\"http:\/\/memoriarocinha.com.br\/en\/inicio\/\"><span style=\"color: #ff6600;\">home<\/span><\/a> \/ <a href=\"http:\/\/memoriarocinha.com.br\/en\/pontos-de-vista\/\"><span style=\"color: #ff6600;\">points of view<\/span><\/a>\u00a0\/\u00a0G\u00e1vea and Rocinha[\/vc_custom_heading][vc_empty_space empty_h=&#8221;2&#8243;][uncode_twentytwenty media_before=&#8221;56321&#8243; media_after=&#8221;56312&#8243; el_class=&#8221;.style-accent-bg { background-color: #000000; }&#8221;][\/vc_column][\/vc_row][vc_row row_height_percent=&#8221;0&#8243; override_padding=&#8221;yes&#8221; h_padding=&#8221;2&#8243; top_padding=&#8221;2&#8243; bottom_padding=&#8221;0&#8243; overlay_alpha=&#8221;50&#8243; gutter_size=&#8221;3&#8243; shift_y=&#8221;0&#8243;][vc_column column_width_percent=&#8221;100&#8243; align_horizontal=&#8221;align_right&#8221; overlay_alpha=&#8221;50&#8243; gutter_size=&#8221;3&#8243; medium_width=&#8221;0&#8243; shift_x=&#8221;0&#8243; shift_y=&#8221;0&#8243; z_index=&#8221;0&#8243; width=&#8221;1\/1&#8243;][vc_custom_heading heading_semantic=&#8221;h6&#8243; text_size=&#8221;h6&#8243; text_height=&#8221;fontheight-524109&#8243; text_space=&#8221;fontspace-604765&#8243; text_font=&#8221;font-180609&#8243; text_weight=&#8221;300&#8243; text_color=&#8221;color-jevc&#8221; sub_reduced=&#8221;yes&#8221; css_animation=&#8221;alpha-anim&#8221; animation_delay=&#8221;200&#8243;]<em><a href=\"http:\/\/memoriarocinha.com.br\/wp-content\/uploads\/2016\/12\/Agrupar-1-uai-1440x1138.jpg\" target=\"&quot;_blank\"><span style=\"color: #ff6600;\">Left photo<\/span><\/a> by Ailton Silva (2015) \/ <a href=\"http:\/\/memoriarocinha.com.br\/wp-content\/uploads\/2016\/12\/Plano-de-Fundo-uai-1440x1138.jpg\" target=\"&quot;_blank\"><span style=\"color: #ff6600;\">Right photo<\/span><\/a> by Augusto Malta (undated) (IMS archive)<\/em>[\/vc_custom_heading][\/vc_column][\/vc_row][vc_row row_height_percent=&#8221;0&#8243; override_padding=&#8221;yes&#8221; h_padding=&#8221;2&#8243; top_padding=&#8221;2&#8243; bottom_padding=&#8221;1&#8243; overlay_alpha=&#8221;50&#8243; gutter_size=&#8221;3&#8243; shift_y=&#8221;0&#8243;][vc_column column_width_percent=&#8221;100&#8243; overlay_alpha=&#8221;50&#8243; gutter_size=&#8221;3&#8243; medium_width=&#8221;0&#8243; shift_x=&#8221;0&#8243; shift_y=&#8221;0&#8243; z_index=&#8221;0&#8243; width=&#8221;1\/1&#8243;][vc_custom_heading heading_semantic=&#8221;h6&#8243; text_size=&#8221;h6&#8243; text_height=&#8221;fontheight-524109&#8243; text_space=&#8221;fontspace-604765&#8243; text_font=&#8221;font-180609&#8243; text_weight=&#8221;300&#8243; text_color=&#8221;color-jevc&#8221; css_animation=&#8221;alpha-anim&#8221; animation_delay=&#8221;200&#8243;]These two pictures were taken from the roof of one of the buildings at the Jockey Club Brasileiro, in G\u00e1vea\u2019s Santos Dumont Square. The club is home to the largest racetrack in Brazil, which has long served as a gathering space for Rio\u2019s elite.<\/p>\n<p>&nbsp;<\/p>\n<p>The <strong>right photography<\/strong> provides a view of the mansions on Rua Marqu\u00eas de S\u00e3o Vicente, as well as of the Church of Nossa Senhora da Concei\u00e7\u00e3o. In the <strong>left photography<\/strong>, however, the high-rise buildings obscure the vie of the church. Instead, between Morro Dois Irm\u00e3os, Pedra da G\u00e1vea, and part of the Tijuca Forest, several subregions of Rocinha (Um Nove Nove, Laboriaux, and the Terreir\u00e3o of Rua Um) are visible, as is part of Parque da Cidade, the favela located in Alto da G\u00e1vea.[\/vc_custom_heading][\/vc_column][\/vc_row][vc_row row_height_percent=&#8221;0&#8243; override_padding=&#8221;yes&#8221; h_padding=&#8221;2&#8243; top_padding=&#8221;2&#8243; bottom_padding=&#8221;1&#8243; overlay_alpha=&#8221;50&#8243; gutter_size=&#8221;3&#8243; shift_y=&#8221;0&#8243;][vc_column column_width_percent=&#8221;100&#8243; overlay_alpha=&#8221;50&#8243; gutter_size=&#8221;3&#8243; medium_width=&#8221;0&#8243; shift_x=&#8221;0&#8243; shift_y=&#8221;0&#8243; z_index=&#8221;0&#8243; width=&#8221;1\/1&#8243;][vc_single_image media=&#8221;55124&#8243; media_lightbox=&#8221;yes&#8221; media_width_percent=&#8221;100&#8243; css_animation=&#8221;alpha-anim&#8221; animation_delay=&#8221;200&#8243; media_link=&#8221;url:https%3A%2F%2Fwww.youtube.com%2Fwatch%3Fv%3DBArcf1t7-_8|||&#8221;][\/vc_column][\/vc_row][vc_row row_height_percent=&#8221;0&#8243; override_padding=&#8221;yes&#8221; h_padding=&#8221;2&#8243; top_padding=&#8221;2&#8243; bottom_padding=&#8221;4&#8243; overlay_alpha=&#8221;50&#8243; gutter_size=&#8221;3&#8243; shift_y=&#8221;0&#8243;][vc_column column_width_percent=&#8221;100&#8243; overlay_alpha=&#8221;50&#8243; gutter_size=&#8221;2&#8243; align_medium=&#8221;align_left_tablet&#8221; medium_width=&#8221;0&#8243; align_mobile=&#8221;align_left_mobile&#8221; shift_x=&#8221;0&#8243; shift_y=&#8221;0&#8243; z_index=&#8221;0&#8243; width=&#8221;1\/1&#8243;][uncode_block id=&#8221;58591&#8243;][\/vc_column][\/vc_row]<\/p>\n<\/div>","protected":false},"excerpt":{"rendered":"<p>[vc_row row_height_percent=&#8221;0&#8243; override_padding=&#8221;yes&#8221; h_padding=&#8221;1&#8243; top_padding=&#8221;2&#8243; bottom_padding=&#8221;0&#8243; overlay_alpha=&#8221;50&#8243; gutter_size=&#8221;3&#8243; shift_y=&#8221;0&#8243;][vc_column column_width_percent=&#8221;100&#8243; overlay_alpha=&#8221;50&#8243; gutter_size=&#8221;1&#8243; align_medium=&#8221;align_center_tablet&#8221; medium_width=&#8221;0&#8243; align_mobile=&#8221;align_center_mobile&#8221; shift_x=&#8221;0&#8243; shift_y=&#8221;0&#8243; z_index=&#8221;0&#8243; css_animation=&#8221;alpha-anim&#8221; width=&#8221;1\/1&#8243;][vc_empty_space [&hellip;]<\/p>\n","protected":false},"author":1,"featured_media":0,"parent":0,"menu_order":0,"comment_status":"closed","ping_status":"closed","template":"","meta":{"footnotes":""},"class_list":["post-57450","page","type-page","status-publish","hentry","page_category-pontos-en"],"_links":{"self":[{"href":"https:\/\/memoriarocinha.com.br\/en\/wp-json\/wp\/v2\/pages\/57450","targetHints":{"allow":["GET"]}}],"collection":[{"href":"https:\/\/memoriarocinha.com.br\/en\/wp-json\/wp\/v2\/pages"}],"about":[{"href":"https:\/\/memoriarocinha.com.br\/en\/wp-json\/wp\/v2\/types\/page"}],"author":[{"embeddable":true,"href":"https:\/\/memoriarocinha.com.br\/en\/wp-json\/wp\/v2\/users\/1"}],"replies":[{"embeddable":true,"href":"https:\/\/memoriarocinha.com.br\/en\/wp-json\/wp\/v2\/comments?post=57450"}],"version-history":[{"count":25,"href":"https:\/\/memoriarocinha.com.br\/en\/wp-json\/wp\/v2\/pages\/57450\/revisions"}],"predecessor-version":[{"id":58972,"href":"https:\/\/memoriarocinha.com.br\/en\/wp-json\/wp\/v2\/pages\/57450\/revisions\/58972"}],"wp:attachment":[{"href":"https:\/\/memoriarocinha.com.br\/en\/wp-json\/wp\/v2\/media?parent=57450"}],"curies":[{"name":"wp","href":"https:\/\/api.w.org\/{rel}","templated":true}]}}