{"id":57549,"date":"2017-01-04T11:46:26","date_gmt":"2017-01-04T13:46:26","guid":{"rendered":"http:\/\/memoriarocinha.com.br\/mapa\/"},"modified":"2017-03-14T23:15:21","modified_gmt":"2017-03-15T02:15:21","slug":"mapa","status":"publish","type":"page","link":"https:\/\/memoriarocinha.com.br\/en\/mapa\/","title":{"rendered":"Map"},"content":{"rendered":"<div class=\"wpb-content-wrapper\"><p>[vc_row row_height_percent=&#8221;0&#8243; override_padding=&#8221;yes&#8221; h_padding=&#8221;0&#8243; top_padding=&#8221;3&#8243; bottom_padding=&#8221;0&#8243; overlay_alpha=&#8221;50&#8243; gutter_size=&#8221;3&#8243; shift_y=&#8221;0&#8243;][vc_column column_width_percent=&#8221;100&#8243; overlay_alpha=&#8221;50&#8243; gutter_size=&#8221;3&#8243; medium_width=&#8221;0&#8243; shift_x=&#8221;0&#8243; shift_y=&#8221;0&#8243; z_index=&#8221;0&#8243; css_animation=&#8221;alpha-anim&#8221; animation_delay=&#8221;200&#8243; width=&#8221;1\/1&#8243;][vc_column_text]<div id=\"mpfy-map-0\" class=\"mpfy-fullwrap kmzpro-enabled-map\" data-proprietary=\"{&quot;kmzpro&quot;:{&quot;files&quot;:[&quot;https:\\\/\\\/memoriarocinha.com.br\\\/wp-content\\\/uploads\\\/2017\\\/01\\\/agoravai-Copia.kml&quot;]}}\">\n\t\t\t\n\t\t<div class=\"mpfy-controls-wrap\">\n\t\t\t<div class=\"mpfy-controls mpfy-hidden\">\n\t\t\t\t<form class=\"mpfy-search-form\" method=\"post\" action=\"\" style=\"display: none;\">\n\t\t\t\t\t<div class=\"mpfy-search-wrap\">\n\t\t\t\t\t\t<div class=\"mpfy-search-field\">\n\t\t\t\t\t\t\t<input type=\"text\" name=\"mpfy_search\" class=\"mpfy_search\" value=\"\" placeholder=\"Enter city or zip code\" \/>\n\t\t\t\t\t\t\t<a href=\"#\" class=\"mpfy-clear-search\">&nbsp;<\/a>\n\t\t\t\t\t\t<\/div>\n\t\t\t\t\t\t\t\t\t\t\t\t<input type=\"submit\" name=\"\" value=\"Search\" class=\"mpfy_search_button\" \/>\n\t\t\t\t\t<\/div>\n\t\t\t\t<\/form>\n\n\t\t\t\t<div class=\"mpfy-filter mpfy-selecter-wrap\" style=\"display: none;\">\n\t\t\t\t\t<select name=\"mpfy_tag\" class=\"mpfy_tag_select\">\n\t\t\t\t\t\t<option value=\"0\">Default View<\/option>\n\t\t\t\t\t\t\t\t\t\t\t\t\t<option value=\"96\">locations<\/option>\n\t\t\t\t\t\t\t\t\t\t\t\t\t<option value=\"97\">points of referece<\/option>\n\t\t\t\t\t\t\t\t\t\t\t\t\t<option value=\"100\">videos<\/option>\n\t\t\t\t\t\t\t\t\t\t\t\t\t<option value=\"114\">photos<\/option>\n\t\t\t\t\t\t\t\t\t\t\t<\/select>\n\t\t\t\t<\/div>\n\t\t\t<\/div>\n\t\t\t\t\t\t\t<div class=\"mpfy-no-controls-padder\"><\/div>\n\t\t\t\n\t\t\t\t\t\t\t<a href=\"#\" class=\"mpfy-zoom-in\"><\/a>\n\t\t\t\t<a href=\"#\" class=\"mpfy-zoom-out\"><\/a>\n\t\t\t\t\t<\/div>\n\n\t\t<div class=\"mpfy-map-canvas mpfy-mode-google_maps with-controls\">\n\t\t\t<div style=\"display: none;\">\n\t\t\t\t\t\t\t\t\t\t\t\t\t\t<a\n\t\t\t\t\t\ttarget=\"\"\n\t\t\t\t\t\thref=\"https:\/\/memoriarocinha.com.br\/en\/map-location\/leblon-e-ipanema-vista-da-estrada-das-paineiras\/?mpfy_map=55406\"\n\t\t\t\t\t\tdata-id=\"58140\"\n\t\t\t\t\t\tclass=\"mpfy-pin mpfy-pin-id-58140 no_link\">\n\t\t\t\t\t\t&nbsp;\n\t\t\t\t\t<\/a>\n\t\t\t\t\t\t\t\t\t\t\t\t\t\t<a\n\t\t\t\t\t\ttarget=\"\"\n\t\t\t\t\t\thref=\"#\"\n\t\t\t\t\t\tdata-id=\"58677\"\n\t\t\t\t\t\tclass=\"mpfy-pin mpfy-pin-id-58677 no_link\">\n\t\t\t\t\t\t&nbsp;\n\t\t\t\t\t<\/a>\n\t\t\t\t\t\t\t\t\t\t\t\t\t\t<a\n\t\t\t\t\t\ttarget=\"\"\n\t\t\t\t\t\thref=\"https:\/\/memoriarocinha.com.br\/en\/map-location\/terreirao\/?mpfy_map=55406\"\n\t\t\t\t\t\tdata-id=\"58775\"\n\t\t\t\t\t\tclass=\"mpfy-pin mpfy-pin-id-58775 no_link\">\n\t\t\t\t\t\t&nbsp;\n\t\t\t\t\t<\/a>\n\t\t\t\t\t\t\t\t\t\t\t\t\t\t<a\n\t\t\t\t\t\ttarget=\"\"\n\t\t\t\t\t\thref=\"#\"\n\t\t\t\t\t\tdata-id=\"58816\"\n\t\t\t\t\t\tclass=\"mpfy-pin mpfy-pin-id-58816 no_link\">\n\t\t\t\t\t\t&nbsp;\n\t\t\t\t\t<\/a>\n\t\t\t\t\t\t\t\t\t\t\t\t\t\t<a\n\t\t\t\t\t\ttarget=\"\"\n\t\t\t\t\t\thref=\"#\"\n\t\t\t\t\t\tdata-id=\"58478\"\n\t\t\t\t\t\tclass=\"mpfy-pin mpfy-pin-id-58478 no_link\">\n\t\t\t\t\t\t&nbsp;\n\t\t\t\t\t<\/a>\n\t\t\t\t\t\t\t\t\t\t\t\t\t\t<a\n\t\t\t\t\t\ttarget=\"\"\n\t\t\t\t\t\thref=\"https:\/\/memoriarocinha.com.br\/en\/map-location\/itanhanga-view-from-estrada-do-quebra-cangalhas\/?mpfy_map=55406\"\n\t\t\t\t\t\tdata-id=\"58144\"\n\t\t\t\t\t\tclass=\"mpfy-pin mpfy-pin-id-58144 no_link\">\n\t\t\t\t\t\t&nbsp;\n\t\t\t\t\t<\/a>\n\t\t\t\t\t\t\t\t\t\t\t\t\t\t<a\n\t\t\t\t\t\ttarget=\"\"\n\t\t\t\t\t\thref=\"#\"\n\t\t\t\t\t\tdata-id=\"58622\"\n\t\t\t\t\t\tclass=\"mpfy-pin mpfy-pin-id-58622 no_link\">\n\t\t\t\t\t\t&nbsp;\n\t\t\t\t\t<\/a>\n\t\t\t\t\t\t\t\t\t\t\t\t\t\t<a\n\t\t\t\t\t\ttarget=\"\"\n\t\t\t\t\t\thref=\"#\"\n\t\t\t\t\t\tdata-id=\"58781\"\n\t\t\t\t\t\tclass=\"mpfy-pin mpfy-pin-id-58781 no_link\">\n\t\t\t\t\t\t&nbsp;\n\t\t\t\t\t<\/a>\n\t\t\t\t\t\t\t\t\t\t\t\t\t\t<a\n\t\t\t\t\t\ttarget=\"\"\n\t\t\t\t\t\thref=\"#\"\n\t\t\t\t\t\tdata-id=\"58815\"\n\t\t\t\t\t\tclass=\"mpfy-pin mpfy-pin-id-58815 no_link\">\n\t\t\t\t\t\t&nbsp;\n\t\t\t\t\t<\/a>\n\t\t\t\t\t\t\t\t\t\t\t\t\t\t<a\n\t\t\t\t\t\ttarget=\"\"\n\t\t\t\t\t\thref=\"#\"\n\t\t\t\t\t\tdata-id=\"58483\"\n\t\t\t\t\t\tclass=\"mpfy-pin mpfy-pin-id-58483 no_link\">\n\t\t\t\t\t\t&nbsp;\n\t\t\t\t\t<\/a>\n\t\t\t\t\t\t\t\t\t\t\t\t\t\t<a\n\t\t\t\t\t\ttarget=\"\"\n\t\t\t\t\t\thref=\"https:\/\/memoriarocinha.com.br\/en\/map-location\/morro-dois-irmaos-rocinha-and-sao-conrado-view-from-mirante-of-rua-2\/?mpfy_map=55406\"\n\t\t\t\t\t\tdata-id=\"58149\"\n\t\t\t\t\t\tclass=\"mpfy-pin mpfy-pin-id-58149 no_link\">\n\t\t\t\t\t\t&nbsp;\n\t\t\t\t\t<\/a>\n\t\t\t\t\t\t\t\t\t\t\t\t\t\t<a\n\t\t\t\t\t\ttarget=\"\"\n\t\t\t\t\t\thref=\"#\"\n\t\t\t\t\t\tdata-id=\"58563\"\n\t\t\t\t\t\tclass=\"mpfy-pin mpfy-pin-id-58563 no_link\">\n\t\t\t\t\t\t&nbsp;\n\t\t\t\t\t<\/a>\n\t\t\t\t\t\t\t\t\t\t\t\t\t\t<a\n\t\t\t\t\t\ttarget=\"\"\n\t\t\t\t\t\thref=\"#\"\n\t\t\t\t\t\tdata-id=\"58780\"\n\t\t\t\t\t\tclass=\"mpfy-pin mpfy-pin-id-58780 no_link\">\n\t\t\t\t\t\t&nbsp;\n\t\t\t\t\t<\/a>\n\t\t\t\t\t\t\t\t\t\t\t\t\t\t<a\n\t\t\t\t\t\ttarget=\"\"\n\t\t\t\t\t\thref=\"#\"\n\t\t\t\t\t\tdata-id=\"58819\"\n\t\t\t\t\t\tclass=\"mpfy-pin mpfy-pin-id-58819 no_link\">\n\t\t\t\t\t\t&nbsp;\n\t\t\t\t\t<\/a>\n\t\t\t\t\t\t\t\t\t\t\t\t\t\t<a\n\t\t\t\t\t\ttarget=\"\"\n\t\t\t\t\t\thref=\"#\"\n\t\t\t\t\t\tdata-id=\"58626\"\n\t\t\t\t\t\tclass=\"mpfy-pin mpfy-pin-id-58626 no_link\">\n\t\t\t\t\t\t&nbsp;\n\t\t\t\t\t<\/a>\n\t\t\t\t\t\t\t\t\t\t\t\t\t\t<a\n\t\t\t\t\t\ttarget=\"\"\n\t\t\t\t\t\thref=\"https:\/\/memoriarocinha.com.br\/en\/map-location\/rocinha-sao-conrado-pedra-da-gavea-view-from-laje-do-carlinhos\/?mpfy_map=55406\"\n\t\t\t\t\t\tdata-id=\"58154\"\n\t\t\t\t\t\tclass=\"mpfy-pin mpfy-pin-id-58154 no_link\">\n\t\t\t\t\t\t&nbsp;\n\t\t\t\t\t<\/a>\n\t\t\t\t\t\t\t\t\t\t\t\t\t\t<a\n\t\t\t\t\t\ttarget=\"\"\n\t\t\t\t\t\thref=\"#\"\n\t\t\t\t\t\tdata-id=\"58741\"\n\t\t\t\t\t\tclass=\"mpfy-pin mpfy-pin-id-58741 no_link\">\n\t\t\t\t\t\t&nbsp;\n\t\t\t\t\t<\/a>\n\t\t\t\t\t\t\t\t\t\t\t\t\t\t<a\n\t\t\t\t\t\ttarget=\"\"\n\t\t\t\t\t\thref=\"#\"\n\t\t\t\t\t\tdata-id=\"58785\"\n\t\t\t\t\t\tclass=\"mpfy-pin mpfy-pin-id-58785 no_link\">\n\t\t\t\t\t\t&nbsp;\n\t\t\t\t\t<\/a>\n\t\t\t\t\t\t\t\t\t\t\t\t\t\t<a\n\t\t\t\t\t\ttarget=\"\"\n\t\t\t\t\t\thref=\"#\"\n\t\t\t\t\t\tdata-id=\"58821\"\n\t\t\t\t\t\tclass=\"mpfy-pin mpfy-pin-id-58821 no_link\">\n\t\t\t\t\t\t&nbsp;\n\t\t\t\t\t<\/a>\n\t\t\t\t\t\t\t\t\t\t\t\t\t\t<a\n\t\t\t\t\t\ttarget=\"\"\n\t\t\t\t\t\thref=\"#\"\n\t\t\t\t\t\tdata-id=\"58527\"\n\t\t\t\t\t\tclass=\"mpfy-pin mpfy-pin-id-58527 no_link\">\n\t\t\t\t\t\t&nbsp;\n\t\t\t\t\t<\/a>\n\t\t\t\t\t\t\t\t\t\t\t\t\t\t<a\n\t\t\t\t\t\ttarget=\"\"\n\t\t\t\t\t\thref=\"https:\/\/memoriarocinha.com.br\/en\/map-location\/comunidade-mata-machado\/?mpfy_map=55406\"\n\t\t\t\t\t\tdata-id=\"58160\"\n\t\t\t\t\t\tclass=\"mpfy-pin mpfy-pin-id-58160 no_link\">\n\t\t\t\t\t\t&nbsp;\n\t\t\t\t\t<\/a>\n\t\t\t\t\t\t\t\t\t\t\t\t\t\t<a\n\t\t\t\t\t\ttarget=\"\"\n\t\t\t\t\t\thref=\"#\"\n\t\t\t\t\t\tdata-id=\"58743\"\n\t\t\t\t\t\tclass=\"mpfy-pin mpfy-pin-id-58743 no_link\">\n\t\t\t\t\t\t&nbsp;\n\t\t\t\t\t<\/a>\n\t\t\t\t\t\t\t\t\t\t\t\t\t\t<a\n\t\t\t\t\t\ttarget=\"\"\n\t\t\t\t\t\thref=\"#\"\n\t\t\t\t\t\tdata-id=\"58786\"\n\t\t\t\t\t\tclass=\"mpfy-pin mpfy-pin-id-58786 no_link\">\n\t\t\t\t\t\t&nbsp;\n\t\t\t\t\t<\/a>\n\t\t\t\t\t\t\t\t\t\t\t\t\t\t<a\n\t\t\t\t\t\ttarget=\"\"\n\t\t\t\t\t\thref=\"#\"\n\t\t\t\t\t\tdata-id=\"58824\"\n\t\t\t\t\t\tclass=\"mpfy-pin mpfy-pin-id-58824 no_link\">\n\t\t\t\t\t\t&nbsp;\n\t\t\t\t\t<\/a>\n\t\t\t\t\t\t\t\t\t\t\t\t\t\t<a\n\t\t\t\t\t\ttarget=\"\"\n\t\t\t\t\t\thref=\"#\"\n\t\t\t\t\t\tdata-id=\"58705\"\n\t\t\t\t\t\tclass=\"mpfy-pin mpfy-pin-id-58705 no_link\">\n\t\t\t\t\t\t&nbsp;\n\t\t\t\t\t<\/a>\n\t\t\t\t\t\t\t\t\t\t\t\t\t\t<a\n\t\t\t\t\t\ttarget=\"\"\n\t\t\t\t\t\thref=\"https:\/\/memoriarocinha.com.br\/en\/map-location\/lagoa-rodrigo-de-freitas-vista-do-mirante-dona-marta\/?mpfy_map=55406\"\n\t\t\t\t\t\tdata-id=\"58163\"\n\t\t\t\t\t\tclass=\"mpfy-pin mpfy-pin-id-58163 no_link\">\n\t\t\t\t\t\t&nbsp;\n\t\t\t\t\t<\/a>\n\t\t\t\t\t\t\t\t\t\t\t\t\t\t<a\n\t\t\t\t\t\ttarget=\"\"\n\t\t\t\t\t\thref=\"#\"\n\t\t\t\t\t\tdata-id=\"58744\"\n\t\t\t\t\t\tclass=\"mpfy-pin mpfy-pin-id-58744 no_link\">\n\t\t\t\t\t\t&nbsp;\n\t\t\t\t\t<\/a>\n\t\t\t\t\t\t\t\t\t\t\t\t\t\t<a\n\t\t\t\t\t\ttarget=\"\"\n\t\t\t\t\t\thref=\"#\"\n\t\t\t\t\t\tdata-id=\"58789\"\n\t\t\t\t\t\tclass=\"mpfy-pin mpfy-pin-id-58789 no_link\">\n\t\t\t\t\t\t&nbsp;\n\t\t\t\t\t<\/a>\n\t\t\t\t\t\t\t\t\t\t\t\t\t\t<a\n\t\t\t\t\t\ttarget=\"\"\n\t\t\t\t\t\thref=\"#\"\n\t\t\t\t\t\tdata-id=\"58830\"\n\t\t\t\t\t\tclass=\"mpfy-pin mpfy-pin-id-58830 no_link\">\n\t\t\t\t\t\t&nbsp;\n\t\t\t\t\t<\/a>\n\t\t\t\t\t\t\t\t\t\t\t\t\t\t<a\n\t\t\t\t\t\ttarget=\"\"\n\t\t\t\t\t\thref=\"#\"\n\t\t\t\t\t\tdata-id=\"58553\"\n\t\t\t\t\t\tclass=\"mpfy-pin mpfy-pin-id-58553 no_link\">\n\t\t\t\t\t\t&nbsp;\n\t\t\t\t\t<\/a>\n\t\t\t\t\t\t\t\t\t\t\t\t\t\t<a\n\t\t\t\t\t\ttarget=\"\"\n\t\t\t\t\t\thref=\"https:\/\/memoriarocinha.com.br\/en\/map-location\/floresta-da-tijuca-vista-da-mesa-do-imperador\/?mpfy_map=55406\"\n\t\t\t\t\t\tdata-id=\"58168\"\n\t\t\t\t\t\tclass=\"mpfy-pin mpfy-pin-id-58168 no_link\">\n\t\t\t\t\t\t&nbsp;\n\t\t\t\t\t<\/a>\n\t\t\t\t\t\t\t\t\t\t\t\t\t\t<a\n\t\t\t\t\t\ttarget=\"\"\n\t\t\t\t\t\thref=\"#\"\n\t\t\t\t\t\tdata-id=\"58745\"\n\t\t\t\t\t\tclass=\"mpfy-pin mpfy-pin-id-58745 no_link\">\n\t\t\t\t\t\t&nbsp;\n\t\t\t\t\t<\/a>\n\t\t\t\t\t\t\t\t\t\t\t\t\t\t<a\n\t\t\t\t\t\ttarget=\"\"\n\t\t\t\t\t\thref=\"#\"\n\t\t\t\t\t\tdata-id=\"58792\"\n\t\t\t\t\t\tclass=\"mpfy-pin mpfy-pin-id-58792 no_link\">\n\t\t\t\t\t\t&nbsp;\n\t\t\t\t\t<\/a>\n\t\t\t\t\t\t\t\t\t\t\t\t\t\t<a\n\t\t\t\t\t\ttarget=\"\"\n\t\t\t\t\t\thref=\"#\"\n\t\t\t\t\t\tdata-id=\"58828\"\n\t\t\t\t\t\tclass=\"mpfy-pin mpfy-pin-id-58828 no_link\">\n\t\t\t\t\t\t&nbsp;\n\t\t\t\t\t<\/a>\n\t\t\t\t\t\t\t\t\t\t\t\t\t\t<a\n\t\t\t\t\t\ttarget=\"\"\n\t\t\t\t\t\thref=\"#\"\n\t\t\t\t\t\tdata-id=\"58721\"\n\t\t\t\t\t\tclass=\"mpfy-pin mpfy-pin-id-58721 no_link\">\n\t\t\t\t\t\t&nbsp;\n\t\t\t\t\t<\/a>\n\t\t\t\t\t\t\t\t\t\t\t\t\t\t<a\n\t\t\t\t\t\ttarget=\"\"\n\t\t\t\t\t\thref=\"https:\/\/memoriarocinha.com.br\/en\/map-location\/view-from-comunidade-de-furnas-and-cachoeira-river\/?mpfy_map=55406\"\n\t\t\t\t\t\tdata-id=\"58173\"\n\t\t\t\t\t\tclass=\"mpfy-pin mpfy-pin-id-58173 no_link\">\n\t\t\t\t\t\t&nbsp;\n\t\t\t\t\t<\/a>\n\t\t\t\t\t\t\t\t\t\t\t\t\t\t<a\n\t\t\t\t\t\ttarget=\"\"\n\t\t\t\t\t\thref=\"#\"\n\t\t\t\t\t\tdata-id=\"58750\"\n\t\t\t\t\t\tclass=\"mpfy-pin mpfy-pin-id-58750 no_link\">\n\t\t\t\t\t\t&nbsp;\n\t\t\t\t\t<\/a>\n\t\t\t\t\t\t\t\t\t\t\t\t\t\t<a\n\t\t\t\t\t\ttarget=\"\"\n\t\t\t\t\t\thref=\"#\"\n\t\t\t\t\t\tdata-id=\"58793\"\n\t\t\t\t\t\tclass=\"mpfy-pin mpfy-pin-id-58793 no_link\">\n\t\t\t\t\t\t&nbsp;\n\t\t\t\t\t<\/a>\n\t\t\t\t\t\t\t\t\t\t\t\t\t\t<a\n\t\t\t\t\t\ttarget=\"\"\n\t\t\t\t\t\thref=\"#\"\n\t\t\t\t\t\tdata-id=\"58829\"\n\t\t\t\t\t\tclass=\"mpfy-pin mpfy-pin-id-58829 no_link\">\n\t\t\t\t\t\t&nbsp;\n\t\t\t\t\t<\/a>\n\t\t\t\t\t\t\t\t\t\t\t\t\t\t<a\n\t\t\t\t\t\ttarget=\"\"\n\t\t\t\t\t\thref=\"#\"\n\t\t\t\t\t\tdata-id=\"58717\"\n\t\t\t\t\t\tclass=\"mpfy-pin mpfy-pin-id-58717 no_link\">\n\t\t\t\t\t\t&nbsp;\n\t\t\t\t\t<\/a>\n\t\t\t\t\t\t\t\t\t\t\t\t\t\t<a\n\t\t\t\t\t\ttarget=\"\"\n\t\t\t\t\t\thref=\"https:\/\/memoriarocinha.com.br\/en\/map-location\/about-memoria-rocinha\/?mpfy_map=55406\"\n\t\t\t\t\t\tdata-id=\"58183\"\n\t\t\t\t\t\tclass=\"mpfy-pin mpfy-pin-id-58183 no_link\">\n\t\t\t\t\t\t&nbsp;\n\t\t\t\t\t<\/a>\n\t\t\t\t\t\t\t\t\t\t\t\t\t\t<a\n\t\t\t\t\t\ttarget=\"\"\n\t\t\t\t\t\thref=\"#\"\n\t\t\t\t\t\tdata-id=\"58758\"\n\t\t\t\t\t\tclass=\"mpfy-pin mpfy-pin-id-58758 no_link\">\n\t\t\t\t\t\t&nbsp;\n\t\t\t\t\t<\/a>\n\t\t\t\t\t\t\t\t\t\t\t\t\t\t<a\n\t\t\t\t\t\ttarget=\"\"\n\t\t\t\t\t\thref=\"#\"\n\t\t\t\t\t\tdata-id=\"58794\"\n\t\t\t\t\t\tclass=\"mpfy-pin mpfy-pin-id-58794 no_link\">\n\t\t\t\t\t\t&nbsp;\n\t\t\t\t\t<\/a>\n\t\t\t\t\t\t\t\t\t\t\t\t\t\t<a\n\t\t\t\t\t\ttarget=\"\"\n\t\t\t\t\t\thref=\"#\"\n\t\t\t\t\t\tdata-id=\"58836\"\n\t\t\t\t\t\tclass=\"mpfy-pin mpfy-pin-id-58836 no_link\">\n\t\t\t\t\t\t&nbsp;\n\t\t\t\t\t<\/a>\n\t\t\t\t\t\t\t\t\t\t\t\t\t\t<a\n\t\t\t\t\t\ttarget=\"\"\n\t\t\t\t\t\thref=\"#\"\n\t\t\t\t\t\tdata-id=\"58685\"\n\t\t\t\t\t\tclass=\"mpfy-pin mpfy-pin-id-58685 no_link\">\n\t\t\t\t\t\t&nbsp;\n\t\t\t\t\t<\/a>\n\t\t\t\t\t\t\t\t\t\t\t\t\t\t<a\n\t\t\t\t\t\ttarget=\"\"\n\t\t\t\t\t\thref=\"#\"\n\t\t\t\t\t\tdata-id=\"58739\"\n\t\t\t\t\t\tclass=\"mpfy-pin mpfy-pin-id-58739 no_link\">\n\t\t\t\t\t\t&nbsp;\n\t\t\t\t\t<\/a>\n\t\t\t\t\t\t\t\t\t\t\t\t\t\t<a\n\t\t\t\t\t\ttarget=\"\"\n\t\t\t\t\t\thref=\"#\"\n\t\t\t\t\t\tdata-id=\"58757\"\n\t\t\t\t\t\tclass=\"mpfy-pin mpfy-pin-id-58757 no_link\">\n\t\t\t\t\t\t&nbsp;\n\t\t\t\t\t<\/a>\n\t\t\t\t\t\t\t\t\t\t\t\t\t\t<a\n\t\t\t\t\t\ttarget=\"\"\n\t\t\t\t\t\thref=\"#\"\n\t\t\t\t\t\tdata-id=\"58797\"\n\t\t\t\t\t\tclass=\"mpfy-pin mpfy-pin-id-58797 no_link\">\n\t\t\t\t\t\t&nbsp;\n\t\t\t\t\t<\/a>\n\t\t\t\t\t\t\t\t\t\t\t\t\t\t<a\n\t\t\t\t\t\ttarget=\"\"\n\t\t\t\t\t\thref=\"#\"\n\t\t\t\t\t\tdata-id=\"58725\"\n\t\t\t\t\t\tclass=\"mpfy-pin mpfy-pin-id-58725 no_link\">\n\t\t\t\t\t\t&nbsp;\n\t\t\t\t\t<\/a>\n\t\t\t\t\t\t\t\t\t\t\t\t\t\t<a\n\t\t\t\t\t\ttarget=\"\"\n\t\t\t\t\t\thref=\"https:\/\/memoriarocinha.com.br\/en\/map-location\/laboriaux\/?mpfy_map=55406\"\n\t\t\t\t\t\tdata-id=\"58187\"\n\t\t\t\t\t\tclass=\"mpfy-pin mpfy-pin-id-58187 no_link\">\n\t\t\t\t\t\t&nbsp;\n\t\t\t\t\t<\/a>\n\t\t\t\t\t\t\t\t\t\t\t\t\t\t<a\n\t\t\t\t\t\ttarget=\"\"\n\t\t\t\t\t\thref=\"#\"\n\t\t\t\t\t\tdata-id=\"58764\"\n\t\t\t\t\t\tclass=\"mpfy-pin mpfy-pin-id-58764 no_link\">\n\t\t\t\t\t\t&nbsp;\n\t\t\t\t\t<\/a>\n\t\t\t\t\t\t\t\t\t\t\t\t\t\t<a\n\t\t\t\t\t\ttarget=\"\"\n\t\t\t\t\t\thref=\"#\"\n\t\t\t\t\t\tdata-id=\"58799\"\n\t\t\t\t\t\tclass=\"mpfy-pin mpfy-pin-id-58799 no_link\">\n\t\t\t\t\t\t&nbsp;\n\t\t\t\t\t<\/a>\n\t\t\t\t\t\t\t\t\t\t\t\t\t\t<a\n\t\t\t\t\t\ttarget=\"\"\n\t\t\t\t\t\thref=\"#\"\n\t\t\t\t\t\tdata-id=\"58621\"\n\t\t\t\t\t\tclass=\"mpfy-pin mpfy-pin-id-58621 no_link\">\n\t\t\t\t\t\t&nbsp;\n\t\t\t\t\t<\/a>\n\t\t\t\t\t\t\t\t\t\t\t\t\t\t<a\n\t\t\t\t\t\ttarget=\"\"\n\t\t\t\t\t\thref=\"#\"\n\t\t\t\t\t\tdata-id=\"58734\"\n\t\t\t\t\t\tclass=\"mpfy-pin mpfy-pin-id-58734 no_link\">\n\t\t\t\t\t\t&nbsp;\n\t\t\t\t\t<\/a>\n\t\t\t\t\t\t\t\t\t\t\t\t\t\t<a\n\t\t\t\t\t\ttarget=\"\"\n\t\t\t\t\t\thref=\"https:\/\/memoriarocinha.com.br\/en\/map-location\/palco-do-badalo\/?mpfy_map=55406\"\n\t\t\t\t\t\tdata-id=\"58765\"\n\t\t\t\t\t\tclass=\"mpfy-pin mpfy-pin-id-58765 no_link\">\n\t\t\t\t\t\t&nbsp;\n\t\t\t\t\t<\/a>\n\t\t\t\t\t\t\t\t\t\t\t\t\t\t<a\n\t\t\t\t\t\ttarget=\"\"\n\t\t\t\t\t\thref=\"#\"\n\t\t\t\t\t\tdata-id=\"58801\"\n\t\t\t\t\t\tclass=\"mpfy-pin mpfy-pin-id-58801 no_link\">\n\t\t\t\t\t\t&nbsp;\n\t\t\t\t\t<\/a>\n\t\t\t\t\t\t\t\t\t\t\t\t\t\t<a\n\t\t\t\t\t\ttarget=\"\"\n\t\t\t\t\t\thref=\"#\"\n\t\t\t\t\t\tdata-id=\"58570\"\n\t\t\t\t\t\tclass=\"mpfy-pin mpfy-pin-id-58570 no_link\">\n\t\t\t\t\t\t&nbsp;\n\t\t\t\t\t<\/a>\n\t\t\t\t\t\t\t\t\t\t\t\t\t\t<a\n\t\t\t\t\t\ttarget=\"\"\n\t\t\t\t\t\thref=\"#\"\n\t\t\t\t\t\tdata-id=\"58624\"\n\t\t\t\t\t\tclass=\"mpfy-pin mpfy-pin-id-58624 no_link\">\n\t\t\t\t\t\t&nbsp;\n\t\t\t\t\t<\/a>\n\t\t\t\t\t\t\t\t\t\t\t\t\t\t<a\n\t\t\t\t\t\ttarget=\"\"\n\t\t\t\t\t\thref=\"#\"\n\t\t\t\t\t\tdata-id=\"58766\"\n\t\t\t\t\t\tclass=\"mpfy-pin mpfy-pin-id-58766 no_link\">\n\t\t\t\t\t\t&nbsp;\n\t\t\t\t\t<\/a>\n\t\t\t\t\t\t\t\t\t\t\t\t\t\t<a\n\t\t\t\t\t\ttarget=\"\"\n\t\t\t\t\t\thref=\"#\"\n\t\t\t\t\t\tdata-id=\"58802\"\n\t\t\t\t\t\tclass=\"mpfy-pin mpfy-pin-id-58802 no_link\">\n\t\t\t\t\t\t&nbsp;\n\t\t\t\t\t<\/a>\n\t\t\t\t\t\t\t\t\t\t\t\t\t\t<a\n\t\t\t\t\t\ttarget=\"\"\n\t\t\t\t\t\thref=\"#\"\n\t\t\t\t\t\tdata-id=\"58615\"\n\t\t\t\t\t\tclass=\"mpfy-pin mpfy-pin-id-58615 no_link\">\n\t\t\t\t\t\t&nbsp;\n\t\t\t\t\t<\/a>\n\t\t\t\t\t\t\t\t\t\t\t\t\t\t<a\n\t\t\t\t\t\ttarget=\"\"\n\t\t\t\t\t\thref=\"#\"\n\t\t\t\t\t\tdata-id=\"58628\"\n\t\t\t\t\t\tclass=\"mpfy-pin mpfy-pin-id-58628 no_link\">\n\t\t\t\t\t\t&nbsp;\n\t\t\t\t\t<\/a>\n\t\t\t\t\t\t\t\t\t\t\t\t\t\t<a\n\t\t\t\t\t\ttarget=\"\"\n\t\t\t\t\t\thref=\"#\"\n\t\t\t\t\t\tdata-id=\"58770\"\n\t\t\t\t\t\tclass=\"mpfy-pin mpfy-pin-id-58770 no_link\">\n\t\t\t\t\t\t&nbsp;\n\t\t\t\t\t<\/a>\n\t\t\t\t\t\t\t\t\t\t\t\t\t\t<a\n\t\t\t\t\t\ttarget=\"\"\n\t\t\t\t\t\thref=\"#\"\n\t\t\t\t\t\tdata-id=\"58803\"\n\t\t\t\t\t\tclass=\"mpfy-pin mpfy-pin-id-58803 no_link\">\n\t\t\t\t\t\t&nbsp;\n\t\t\t\t\t<\/a>\n\t\t\t\t\t\t\t\t\t\t\t\t\t\t<a\n\t\t\t\t\t\ttarget=\"\"\n\t\t\t\t\t\thref=\"#\"\n\t\t\t\t\t\tdata-id=\"58473\"\n\t\t\t\t\t\tclass=\"mpfy-pin mpfy-pin-id-58473 no_link\">\n\t\t\t\t\t\t&nbsp;\n\t\t\t\t\t<\/a>\n\t\t\t\t\t\t\t\t\t\t\t\t\t\t<a\n\t\t\t\t\t\ttarget=\"\"\n\t\t\t\t\t\thref=\"#\"\n\t\t\t\t\t\tdata-id=\"58532\"\n\t\t\t\t\t\tclass=\"mpfy-pin mpfy-pin-id-58532 no_link\">\n\t\t\t\t\t\t&nbsp;\n\t\t\t\t\t<\/a>\n\t\t\t\t\t\t\t\t\t\t\t\t\t\t<a\n\t\t\t\t\t\ttarget=\"\"\n\t\t\t\t\t\thref=\"#\"\n\t\t\t\t\t\tdata-id=\"58773\"\n\t\t\t\t\t\tclass=\"mpfy-pin mpfy-pin-id-58773 no_link\">\n\t\t\t\t\t\t&nbsp;\n\t\t\t\t\t<\/a>\n\t\t\t\t\t\t\t\t\t\t\t\t\t\t<a\n\t\t\t\t\t\ttarget=\"\"\n\t\t\t\t\t\thref=\"#\"\n\t\t\t\t\t\tdata-id=\"58806\"\n\t\t\t\t\t\tclass=\"mpfy-pin mpfy-pin-id-58806 no_link\">\n\t\t\t\t\t\t&nbsp;\n\t\t\t\t\t<\/a>\n\t\t\t\t\t\t\t\t\t\t\t\t\t\t<a\n\t\t\t\t\t\ttarget=\"\"\n\t\t\t\t\t\thref=\"#\"\n\t\t\t\t\t\tdata-id=\"58617\"\n\t\t\t\t\t\tclass=\"mpfy-pin mpfy-pin-id-58617 no_link\">\n\t\t\t\t\t\t&nbsp;\n\t\t\t\t\t<\/a>\n\t\t\t\t\t\t\t\t\t\t\t\t\t\t<a\n\t\t\t\t\t\ttarget=\"\"\n\t\t\t\t\t\thref=\"#\"\n\t\t\t\t\t\tdata-id=\"58558\"\n\t\t\t\t\t\tclass=\"mpfy-pin mpfy-pin-id-58558 no_link\">\n\t\t\t\t\t\t&nbsp;\n\t\t\t\t\t<\/a>\n\t\t\t\t\t\t\t\t\t\t\t\t\t\t<a\n\t\t\t\t\t\ttarget=\"\"\n\t\t\t\t\t\thref=\"#\"\n\t\t\t\t\t\tdata-id=\"58776\"\n\t\t\t\t\t\tclass=\"mpfy-pin mpfy-pin-id-58776 no_link\">\n\t\t\t\t\t\t&nbsp;\n\t\t\t\t\t<\/a>\n\t\t\t\t\t\t\t\t\t\t\t\t\t\t<a\n\t\t\t\t\t\ttarget=\"\"\n\t\t\t\t\t\thref=\"#\"\n\t\t\t\t\t\tdata-id=\"58810\"\n\t\t\t\t\t\tclass=\"mpfy-pin mpfy-pin-id-58810 no_link\">\n\t\t\t\t\t\t&nbsp;\n\t\t\t\t\t<\/a>\n\t\t\t\t\t\t\t<\/div>\n\n\t\t\t<div class=\"mpfy-map-canvas-wrap\">\n\t\t\t\t\t\t\t\t<div id=\"custom-mapping-google-map-0\" style=\"overflow: hidden; height: 600px\"><\/div>\n\t\t\t\t<span class=\"mpfy-scroll-handle\"><\/span>\n\t\t\t<\/div>\n\n\t\t\t\t\t\t\t<div class=\"mpfy-tags-list\">\n\t\t\t\t\t<div class=\"cl\">&nbsp;<\/div>\n\t\t\t\t\t<a href=\"#\" class=\"mpfy-tl-item\" data-tag-id=\"0\">\n\t\t\t\t\t\t<span class=\"mpfy-tl-i-icon\"><\/span>\n\t\t\t\t\t\t\t\t\t\t\t<\/a>\n\t\t\t\t\t\t\t\t\t\t\t\t\t\t\t\t\t<a href=\"#\" class=\"mpfy-tl-item\" data-tag-id=\"96\">\n\t\t\t\t\t\t\t\t\t\t\t\t\t\t\t<span class=\"mpfy-tl-i-icon\" style=\"background-image: url('https:\/\/memoriarocinha.com.br\/wp-content\/uploads\/2016\/11\/Ativo-4-13x27.png');\"><\/span>\n\t\t\t\t\t\t\t\t\t\t\t\t\t\tlocations\t\t\t\t\t\t<\/a>\n\t\t\t\t\t\t\t\t\t\t\t\t\t\t\t\t\t<a href=\"#\" class=\"mpfy-tl-item\" data-tag-id=\"97\">\n\t\t\t\t\t\t\t\t\t\t\t\t\t\t\t<span class=\"mpfy-tl-i-icon\" style=\"background-image: url('https:\/\/memoriarocinha.com.br\/wp-content\/uploads\/2016\/11\/Ativo-3-13x27.png');\"><\/span>\n\t\t\t\t\t\t\t\t\t\t\t\t\t\tpoints of referece\t\t\t\t\t\t<\/a>\n\t\t\t\t\t\t\t\t\t\t\t\t\t\t\t\t\t<a href=\"#\" class=\"mpfy-tl-item\" data-tag-id=\"100\">\n\t\t\t\t\t\t\t\t\t\t\t\t\t\t\t<span class=\"mpfy-tl-i-icon\" style=\"background-image: url('https:\/\/memoriarocinha.com.br\/wp-content\/uploads\/2016\/11\/Ativo-2-13x27.png');\"><\/span>\n\t\t\t\t\t\t\t\t\t\t\t\t\t\tvideos\t\t\t\t\t\t<\/a>\n\t\t\t\t\t\t\t\t\t\t\t\t\t\t\t\t\t<a href=\"#\" class=\"mpfy-tl-item\" data-tag-id=\"114\">\n\t\t\t\t\t\t\t\t\t\t\t\t\t\t\t<span class=\"mpfy-tl-i-icon\" style=\"background-image: url('https:\/\/memoriarocinha.com.br\/wp-content\/uploads\/2016\/11\/Ativo-5-13x27.png');\"><\/span>\n\t\t\t\t\t\t\t\t\t\t\t\t\t\tphotos\t\t\t\t\t\t<\/a>\n\t\t\t\t\t\t\t\t\t\t<div class=\"cl\">&nbsp;<\/div>\n\t\t\t\t<\/div>\n\t\t\t\n\t\t\t\t\t<\/div>\n\t<\/div>[\/vc_column_text][\/vc_column][\/vc_row][vc_row row_height_percent=&#8221;0&#8243; override_padding=&#8221;yes&#8221; h_padding=&#8221;2&#8243; top_padding=&#8221;0&#8243; bottom_padding=&#8221;1&#8243; overlay_alpha=&#8221;50&#8243; gutter_size=&#8221;3&#8243; shift_y=&#8221;0&#8243;][vc_column column_width_percent=&#8221;100&#8243; overlay_alpha=&#8221;50&#8243; gutter_size=&#8221;3&#8243; medium_width=&#8221;0&#8243; shift_x=&#8221;0&#8243; shift_y=&#8221;0&#8243; z_index=&#8221;0&#8243; css_animation=&#8221;alpha-anim&#8221; animation_delay=&#8221;200&#8243; width=&#8221;1\/1&#8243;][vc_empty_space empty_h=&#8221;2&#8243;][vc_custom_heading heading_semantic=&#8221;h6&#8243; text_size=&#8221;h6&#8243; text_height=&#8221;fontheight-357766&#8243; text_space=&#8221;fontspace-604765&#8243; text_font=&#8221;font-180609&#8243; text_weight=&#8221;300&#8243;]Welcome to Rocinha!<\/p>\n<p>&nbsp;<\/p>\n<p>This geo-referenced map presents visual memories of the favela, layered on top of the natural landscape. Navigating through Rocinha\u2019s modern-day subregions and points of reference, you can view photographs and videos created by members of the Rocinha community over the course of many years.<\/p>\n<p>&nbsp;<\/p>\n<p>To send us your own visual memories and further enrich this collaborative map, go to the <a href=\"http:\/\/memoriarocinha.com.br\/en\/fotogaleria\/\"><span style=\"color: #ff6600;\">Photo Gallery<\/span><\/a>[\/vc_custom_heading][\/vc_column][\/vc_row][vc_row row_height_percent=&#8221;0&#8243; override_padding=&#8221;yes&#8221; h_padding=&#8221;2&#8243; top_padding=&#8221;3&#8243; bottom_padding=&#8221;1&#8243; overlay_alpha=&#8221;50&#8243; gutter_size=&#8221;3&#8243; shift_y=&#8221;0&#8243;][vc_column width=&#8221;1\/2&#8243;][vc_single_image media=&#8221;56191&#8243; media_lightbox=&#8221;yes&#8221; media_width_percent=&#8221;100&#8243; css_animation=&#8221;alpha-anim&#8221; animation_delay=&#8221;200&#8243;][\/vc_column][vc_column width=&#8221;1\/2&#8243;][vc_custom_heading heading_semantic=&#8221;h4&#8243; text_size=&#8221;h4&#8243; text_height=&#8221;fontheight-357766&#8243; text_space=&#8221;fontspace-604765&#8243; text_font=&#8221;font-180609&#8243; text_weight=&#8221;300&#8243; text_color=&#8221;accent&#8221; css_animation=&#8221;alpha-anim&#8221; animation_delay=&#8221;200&#8243;]Map of the Divvying Up of the Quebra-Cangalha Farm[\/vc_custom_heading][vc_empty_space empty_h=&#8221;1&#8243;][vc_custom_heading heading_semantic=&#8221;h6&#8243; text_size=&#8221;h6&#8243; text_height=&#8221;fontheight-524109&#8243; text_space=&#8221;fontspace-604765&#8243; text_font=&#8221;font-180609&#8243; text_weight=&#8221;300&#8243; css_animation=&#8221;alpha-anim&#8221; animation_delay=&#8221;200&#8243;]In the 1920s, the Quebra-Cangalha Farm was divvied up by the Castro Guid\u00e3o family into 81 tracts of land, which were unregulated by the city hall. The lots colored red on the map were sold directly to Portuguese and Spanish merchants and laborers in local textile factories. The blue lots were sold to the general public.<\/p>\n<p>&nbsp;<\/p>\n<p>The map shows the original path of Estrada da G\u00e1vea and the subregions Rua Um, Rua Dois, Rua Tr\u00eas, Rua Quatro, and Rua Cinco (now called Rua Dion\u00e9ia), five of the major subregions of modern-day Rocinha.[\/vc_custom_heading][\/vc_column][\/vc_row][vc_row row_height_percent=&#8221;0&#8243; override_padding=&#8221;yes&#8221; h_padding=&#8221;2&#8243; top_padding=&#8221;2&#8243; bottom_padding=&#8221;4&#8243; overlay_alpha=&#8221;50&#8243; gutter_size=&#8221;3&#8243; shift_y=&#8221;0&#8243;][vc_column width=&#8221;1\/1&#8243;][uncode_share layout=&#8221;multiple&#8221; bigger=&#8221;yes&#8221; no_back=&#8221;yes&#8221; css_animation=&#8221;alpha-anim&#8221; animation_speed=&#8221;200&#8243; title=&#8221;share&#8221;][vc_empty_space empty_h=&#8221;3&#8243;][\/vc_column][\/vc_row]<\/p>\n<\/div>","protected":false},"excerpt":{"rendered":"<p>[vc_row row_height_percent=&#8221;0&#8243; override_padding=&#8221;yes&#8221; h_padding=&#8221;0&#8243; top_padding=&#8221;3&#8243; bottom_padding=&#8221;0&#8243; overlay_alpha=&#8221;50&#8243; gutter_size=&#8221;3&#8243; shift_y=&#8221;0&#8243;][vc_column column_width_percent=&#8221;100&#8243; overlay_alpha=&#8221;50&#8243; gutter_size=&#8221;3&#8243; medium_width=&#8221;0&#8243; shift_x=&#8221;0&#8243; shift_y=&#8221;0&#8243; z_index=&#8221;0&#8243; css_animation=&#8221;alpha-anim&#8221; animation_delay=&#8221;200&#8243; width=&#8221;1\/1&#8243;][vc_column_text][\/vc_column_text][\/vc_column][\/vc_row][vc_row row_height_percent=&#8221;0&#8243; [&hellip;]<\/p>\n","protected":false},"author":1,"featured_media":0,"parent":0,"menu_order":0,"comment_status":"closed","ping_status":"closed","template":"","meta":{"footnotes":""},"class_list":["post-57549","page","type-page","status-publish","hentry"],"_links":{"self":[{"href":"https:\/\/memoriarocinha.com.br\/en\/wp-json\/wp\/v2\/pages\/57549","targetHints":{"allow":["GET"]}}],"collection":[{"href":"https:\/\/memoriarocinha.com.br\/en\/wp-json\/wp\/v2\/pages"}],"about":[{"href":"https:\/\/memoriarocinha.com.br\/en\/wp-json\/wp\/v2\/types\/page"}],"author":[{"embeddable":true,"href":"https:\/\/memoriarocinha.com.br\/en\/wp-json\/wp\/v2\/users\/1"}],"replies":[{"embeddable":true,"href":"https:\/\/memoriarocinha.com.br\/en\/wp-json\/wp\/v2\/comments?post=57549"}],"version-history":[{"count":7,"href":"https:\/\/memoriarocinha.com.br\/en\/wp-json\/wp\/v2\/pages\/57549\/revisions"}],"predecessor-version":[{"id":58522,"href":"https:\/\/memoriarocinha.com.br\/en\/wp-json\/wp\/v2\/pages\/57549\/revisions\/58522"}],"wp:attachment":[{"href":"https:\/\/memoriarocinha.com.br\/en\/wp-json\/wp\/v2\/media?parent=57549"}],"curies":[{"name":"wp","href":"https:\/\/api.w.org\/{rel}","templated":true}]}}